{"id":6,"date":"2017-10-17T20:51:32","date_gmt":"2017-10-17T22:51:32","guid":{"rendered":"http:\/\/afogadosfm.com.br\/afogadosfm\/?page_id=6"},"modified":"2025-02-05T09:13:55","modified_gmt":"2025-02-05T12:13:55","slug":"programacao","status":"publish","type":"page","link":"https:\/\/afogadosfm.com.br\/afogadosfm\/programacao\/","title":{"rendered":"Programa\u00e7\u00e3o"},"content":{"rendered":"<div dir=\"ltr\">\n<p><strong>SEGUNDA \u00c0 SEXTA<\/strong><\/p>\n<div><\/div>\n<div>00:00 \u00c0S 04:00 &#8211; CENTRAL DA MADRUGADA<\/div>\n<div>04:00 \u00c0S 05:00 &#8211; NA\u00c7\u00c3O FORROZEIRA &#8211; PLAYLIST<\/div>\n<div>05:00 \u00c0S 07:00 &#8211; JORNAL DA MANH\u00c3 &#8211; DIONNEYS RODRIGUES<\/div>\n<div>07:00 \u00c0S 10:00 &#8211; HORA DO OUVINTE &#8211; WELLINGTON ROCHA<\/div>\n<div>10:00 \u00c0S 12:00 &#8211; A HORA DAS BRONCAS &#8211; DIONNEYS RODRIGUES E WELLINGTON ROCHA<\/div>\n<div>11:20 \u00c0S 12:00 &#8211; JORNAL DA MANH\u00c3 2\u00aa EDI\u00c7\u00c3O &#8211; DIONNEYS RODRIGUES E WELLINGTON ROCHA<\/div>\n<div>12:00 \u00c0S 13:00 &#8211; SHOW DO BREGA<\/div>\n<div>13:00 \u00c0S 14:00 &#8211; CETRAL DO SERTANEJO<\/div>\n<div>14:00 \u00c1S 16:00 &#8211; ESTA\u00c7\u00c3O DO SOM &#8211; NEY GOMES<\/div>\n<div>16:00 \u00c0S 18:00 &#8211; FIM DE TARDE NA FAZENDA &#8211; WANDERLEY GALDINO<\/div>\n<div>18:00 \u00c0S 19:00 &#8211; GIRO DA BOLA<\/div>\n<div>19:00 \u00c0S 20:00 &#8211; A VOZ DO BRASIL<\/div>\n<div>20:00 \u00c0S 00:00 &#8211; A DONA DA NOITE<\/div>\n<div><\/div>\n<div><strong>S\u00c1BADOS<\/strong><\/div>\n<div><\/div>\n<div>\n<div>00:00 \u00c0S 05:00 &#8211; MADRUGADA 87 &#8211; PLAYLIST<\/div>\n<div>05:00 \u00c0S 07:00 &#8211; MELHORES DO BRASIL &#8211; MARCOS FILHO<\/div>\n<\/div>\n<div>07:30 \u00c0S 08:00 &#8211; A VOZ DA PROFECIA<\/div>\n<div>07:00 \u00c0S 10:00 &#8211;\u00a0 SABAD\u00c3O 87 &#8211; WELLINGTON ROCHA<\/div>\n<div>10:00 \u00c0S 12:00 &#8211; FOLHA DO SERT\u00c3O MV4 &#8211; MARIO VIANA FILHO<\/div>\n<div>12:00 \u00c0S 14:00 &#8211; BREG\u00c3O DA 87 &#8211; MARCOS OLIVEIRA<\/div>\n<div>14:00 \u00c0S 16:00 &#8211; SOCIALMENTE FALANDO COM NEVES DE MONSERRAT E CES\u00c1R MOURA<\/div>\n<div>15:00 \u00e0s 00:00 &#8211; SELE\u00c7\u00c3O PLAYLIST<strong><br \/>\n<\/strong><\/div>\n<div><\/div>\n<div><strong>DOMINGOS<\/strong><\/div>\n<div><\/div>\n<div>00:00 \u00c0S 05:00 &#8211; MADRUGADA 87 &#8211; PLAYLIST<\/div>\n<div>05:00 \u00c0S 08:00 &#8211; TOCANDO O PASSADO &#8211; NALDINHO RODRIGUES<\/div>\n<div>08:00 \u00c0S 12:00 &#8211; LIGA\u00c7\u00c3O DIRETA &#8211; DIONNEYS RODRIGUES<\/div>\n<div>12:00 \u00c0S 16:00 &#8211; DOMING\u00c3O MUSICAL<\/div>\n<div>16:00 \u00c0S 18:00 &#8211; SELE\u00c7\u00c3O PLAYLIST<\/div>\n<div>18:00 \u00c0S 19:00 &#8211; SANTA MISSA<\/div>\n<div>19:00 \u00c0S 00:00 &#8211; SELE\u00c7\u00c3O PLYLIST<\/div>\n<\/div>\n","protected":false},"excerpt":{"rendered":"<p>SEGUNDA \u00c0 SEXTA 00:00 \u00c0S 04:00 &#8211; CENTRAL DA MADRUGADA 04:00 \u00c0S 05:00 &#8211; NA\u00c7\u00c3O FORROZEIRA &#8211; PLAYLIST 05:00 \u00c0S<\/p>\n","protected":false},"author":1,"featured_media":0,"parent":0,"menu_order":0,"comment_status":"closed","ping_status":"closed","template":"","meta":{"jetpack_post_was_ever_published":false,"footnotes":""},"class_list":["post-6","page","type-page","status-publish","hentry"],"yoast_head":"<!-- This site is optimized with the Yoast SEO plugin v27.5 - https:\/\/yoast.com\/product\/yoast-seo-wordpress\/ -->\n<title>Programa\u00e7\u00e3o - Afogados FM<\/title>\n<meta name=\"robots\" content=\"index, follow, max-snippet:-1, max-image-preview:large, max-video-preview:-1\" \/>\n<link rel=\"canonical\" href=\"https:\/\/afogadosfm.com.br\/afogadosfm\/programacao\/\" \/>\n<meta property=\"og:locale\" content=\"pt_BR\" \/>\n<meta property=\"og:type\" content=\"article\" \/>\n<meta property=\"og:title\" content=\"Programa\u00e7\u00e3o - Afogados FM\" \/>\n<meta property=\"og:description\" content=\"SEGUNDA \u00c0 SEXTA 00:00 \u00c0S 04:00 &#8211; CENTRAL DA MADRUGADA 04:00 \u00c0S 05:00 &#8211; NA\u00c7\u00c3O FORROZEIRA &#8211; PLAYLIST 05:00 \u00c0S\" \/>\n<meta property=\"og:url\" content=\"https:\/\/afogadosfm.com.br\/afogadosfm\/programacao\/\" \/>\n<meta property=\"og:site_name\" content=\"Afogados FM\" \/>\n<meta property=\"article:modified_time\" content=\"2025-02-05T12:13:55+00:00\" \/>\n<meta name=\"twitter:card\" content=\"summary_large_image\" \/>\n<meta name=\"twitter:label1\" content=\"Est. tempo de leitura\" \/>\n\t<meta name=\"twitter:data1\" content=\"2 minutos\" \/>\n<script type=\"application\/ld+json\" class=\"yoast-schema-graph\">{\"@context\":\"https:\\\/\\\/schema.org\",\"@graph\":[{\"@type\":\"WebPage\",\"@id\":\"https:\\\/\\\/afogadosfm.com.br\\\/afogadosfm\\\/programacao\\\/\",\"url\":\"https:\\\/\\\/afogadosfm.com.br\\\/afogadosfm\\\/programacao\\\/\",\"name\":\"Programa\u00e7\u00e3o - Afogados FM\",\"isPartOf\":{\"@id\":\"https:\\\/\\\/afogadosfm.com.br\\\/afogadosfm\\\/#website\"},\"datePublished\":\"2017-10-17T22:51:32+00:00\",\"dateModified\":\"2025-02-05T12:13:55+00:00\",\"breadcrumb\":{\"@id\":\"https:\\\/\\\/afogadosfm.com.br\\\/afogadosfm\\\/programacao\\\/#breadcrumb\"},\"inLanguage\":\"pt-BR\",\"potentialAction\":[{\"@type\":\"ReadAction\",\"target\":[\"https:\\\/\\\/afogadosfm.com.br\\\/afogadosfm\\\/programacao\\\/\"]}]},{\"@type\":\"BreadcrumbList\",\"@id\":\"https:\\\/\\\/afogadosfm.com.br\\\/afogadosfm\\\/programacao\\\/#breadcrumb\",\"itemListElement\":[{\"@type\":\"ListItem\",\"position\":1,\"name\":\"In\u00edcio\",\"item\":\"https:\\\/\\\/afogadosfm.com.br\\\/afogadosfm\\\/\"},{\"@type\":\"ListItem\",\"position\":2,\"name\":\"Programa\u00e7\u00e3o\"}]},{\"@type\":\"WebSite\",\"@id\":\"https:\\\/\\\/afogadosfm.com.br\\\/afogadosfm\\\/#website\",\"url\":\"https:\\\/\\\/afogadosfm.com.br\\\/afogadosfm\\\/\",\"name\":\"Afogados FM\",\"description\":\"Um site completo!\",\"publisher\":{\"@id\":\"https:\\\/\\\/afogadosfm.com.br\\\/afogadosfm\\\/#organization\"},\"potentialAction\":[{\"@type\":\"SearchAction\",\"target\":{\"@type\":\"EntryPoint\",\"urlTemplate\":\"https:\\\/\\\/afogadosfm.com.br\\\/afogadosfm\\\/?s={search_term_string}\"},\"query-input\":{\"@type\":\"PropertyValueSpecification\",\"valueRequired\":true,\"valueName\":\"search_term_string\"}}],\"inLanguage\":\"pt-BR\"},{\"@type\":\"Organization\",\"@id\":\"https:\\\/\\\/afogadosfm.com.br\\\/afogadosfm\\\/#organization\",\"name\":\"Afogados FM\",\"url\":\"https:\\\/\\\/afogadosfm.com.br\\\/afogadosfm\\\/\",\"logo\":{\"@type\":\"ImageObject\",\"inLanguage\":\"pt-BR\",\"@id\":\"https:\\\/\\\/afogadosfm.com.br\\\/afogadosfm\\\/#\\\/schema\\\/logo\\\/image\\\/\",\"url\":\"https:\\\/\\\/i0.wp.com\\\/afogadosfm.com.br\\\/afogadosfm\\\/wp-content\\\/uploads\\\/2020\\\/06\\\/cropped-banner-afogados-4.jpg?fit=369%2C137&ssl=1\",\"contentUrl\":\"https:\\\/\\\/i0.wp.com\\\/afogadosfm.com.br\\\/afogadosfm\\\/wp-content\\\/uploads\\\/2020\\\/06\\\/cropped-banner-afogados-4.jpg?fit=369%2C137&ssl=1\",\"width\":369,\"height\":137,\"caption\":\"Afogados FM\"},\"image\":{\"@id\":\"https:\\\/\\\/afogadosfm.com.br\\\/afogadosfm\\\/#\\\/schema\\\/logo\\\/image\\\/\"}}]}<\/script>\n<!-- \/ Yoast SEO plugin. -->","yoast_head_json":{"title":"Programa\u00e7\u00e3o - Afogados FM","robots":{"index":"index","follow":"follow","max-snippet":"max-snippet:-1","max-image-preview":"max-image-preview:large","max-video-preview":"max-video-preview:-1"},"canonical":"https:\/\/afogadosfm.com.br\/afogadosfm\/programacao\/","og_locale":"pt_BR","og_type":"article","og_title":"Programa\u00e7\u00e3o - Afogados FM","og_description":"SEGUNDA \u00c0 SEXTA 00:00 \u00c0S 04:00 &#8211; CENTRAL DA MADRUGADA 04:00 \u00c0S 05:00 &#8211; NA\u00c7\u00c3O FORROZEIRA &#8211; PLAYLIST 05:00 \u00c0S","og_url":"https:\/\/afogadosfm.com.br\/afogadosfm\/programacao\/","og_site_name":"Afogados FM","article_modified_time":"2025-02-05T12:13:55+00:00","twitter_card":"summary_large_image","twitter_misc":{"Est. tempo de leitura":"2 minutos"},"schema":{"@context":"https:\/\/schema.org","@graph":[{"@type":"WebPage","@id":"https:\/\/afogadosfm.com.br\/afogadosfm\/programacao\/","url":"https:\/\/afogadosfm.com.br\/afogadosfm\/programacao\/","name":"Programa\u00e7\u00e3o - Afogados FM","isPartOf":{"@id":"https:\/\/afogadosfm.com.br\/afogadosfm\/#website"},"datePublished":"2017-10-17T22:51:32+00:00","dateModified":"2025-02-05T12:13:55+00:00","breadcrumb":{"@id":"https:\/\/afogadosfm.com.br\/afogadosfm\/programacao\/#breadcrumb"},"inLanguage":"pt-BR","potentialAction":[{"@type":"ReadAction","target":["https:\/\/afogadosfm.com.br\/afogadosfm\/programacao\/"]}]},{"@type":"BreadcrumbList","@id":"https:\/\/afogadosfm.com.br\/afogadosfm\/programacao\/#breadcrumb","itemListElement":[{"@type":"ListItem","position":1,"name":"In\u00edcio","item":"https:\/\/afogadosfm.com.br\/afogadosfm\/"},{"@type":"ListItem","position":2,"name":"Programa\u00e7\u00e3o"}]},{"@type":"WebSite","@id":"https:\/\/afogadosfm.com.br\/afogadosfm\/#website","url":"https:\/\/afogadosfm.com.br\/afogadosfm\/","name":"Afogados FM","description":"Um site completo!","publisher":{"@id":"https:\/\/afogadosfm.com.br\/afogadosfm\/#organization"},"potentialAction":[{"@type":"SearchAction","target":{"@type":"EntryPoint","urlTemplate":"https:\/\/afogadosfm.com.br\/afogadosfm\/?s={search_term_string}"},"query-input":{"@type":"PropertyValueSpecification","valueRequired":true,"valueName":"search_term_string"}}],"inLanguage":"pt-BR"},{"@type":"Organization","@id":"https:\/\/afogadosfm.com.br\/afogadosfm\/#organization","name":"Afogados FM","url":"https:\/\/afogadosfm.com.br\/afogadosfm\/","logo":{"@type":"ImageObject","inLanguage":"pt-BR","@id":"https:\/\/afogadosfm.com.br\/afogadosfm\/#\/schema\/logo\/image\/","url":"https:\/\/i0.wp.com\/afogadosfm.com.br\/afogadosfm\/wp-content\/uploads\/2020\/06\/cropped-banner-afogados-4.jpg?fit=369%2C137&ssl=1","contentUrl":"https:\/\/i0.wp.com\/afogadosfm.com.br\/afogadosfm\/wp-content\/uploads\/2020\/06\/cropped-banner-afogados-4.jpg?fit=369%2C137&ssl=1","width":369,"height":137,"caption":"Afogados FM"},"image":{"@id":"https:\/\/afogadosfm.com.br\/afogadosfm\/#\/schema\/logo\/image\/"}}]}},"jetpack-related-posts":[],"jetpack_sharing_enabled":true,"jetpack_likes_enabled":true,"_links":{"self":[{"href":"https:\/\/afogadosfm.com.br\/afogadosfm\/wp-json\/wp\/v2\/pages\/6","targetHints":{"allow":["GET"]}}],"collection":[{"href":"https:\/\/afogadosfm.com.br\/afogadosfm\/wp-json\/wp\/v2\/pages"}],"about":[{"href":"https:\/\/afogadosfm.com.br\/afogadosfm\/wp-json\/wp\/v2\/types\/page"}],"author":[{"embeddable":true,"href":"https:\/\/afogadosfm.com.br\/afogadosfm\/wp-json\/wp\/v2\/users\/1"}],"replies":[{"embeddable":true,"href":"https:\/\/afogadosfm.com.br\/afogadosfm\/wp-json\/wp\/v2\/comments?post=6"}],"version-history":[{"count":13,"href":"https:\/\/afogadosfm.com.br\/afogadosfm\/wp-json\/wp\/v2\/pages\/6\/revisions"}],"predecessor-version":[{"id":63208,"href":"https:\/\/afogadosfm.com.br\/afogadosfm\/wp-json\/wp\/v2\/pages\/6\/revisions\/63208"}],"wp:attachment":[{"href":"https:\/\/afogadosfm.com.br\/afogadosfm\/wp-json\/wp\/v2\/media?parent=6"}],"curies":[{"name":"wp","href":"https:\/\/api.w.org\/{rel}","templated":true}]}}